{"id":1166,"date":"2025-04-07T23:41:57","date_gmt":"2025-04-07T23:41:57","guid":{"rendered":"https:\/\/schindlercon.com\/?page_id=1166"},"modified":"2025-04-07T23:56:19","modified_gmt":"2025-04-07T23:56:19","slug":"legal-notice","status":"publish","type":"page","link":"https:\/\/schindlercon.com\/tr\/legal-notice\/","title":{"rendered":"Hukuki Uyar\u0131"},"content":{"rendered":"<div data-elementor-type=\"wp-page\" data-elementor-id=\"1166\" class=\"elementor elementor-1166\" data-elementor-post-type=\"page\">\n\t\t\t\t<div class=\"elementor-element elementor-element-05602c5 e-flex e-con-boxed e-con e-child\" data-id=\"05602c5\" data-element_type=\"container\" data-settings=\"{&quot;background_background&quot;:&quot;classic&quot;}\">\n\t\t\t\t\t<div class=\"e-con-inner\">\n\t\t<div class=\"elementor-element elementor-element-8b550d2 e-con-full e-flex e-con e-child\" data-id=\"8b550d2\" data-element_type=\"container\">\n\t\t\t\t<div class=\"elementor-element elementor-element-46cbe59 elementor-widget__width-auto elementor-icon-list--layout-traditional elementor-list-item-link-full_width elementor-invisible elementor-widget elementor-widget-icon-list\" data-id=\"46cbe59\" data-element_type=\"widget\" data-settings=\"{&quot;_animation&quot;:&quot;fadeInUp&quot;}\" data-widget_type=\"icon-list.default\">\n\t\t\t\t<div class=\"elementor-widget-container\">\n\t\t\t\t\t\t\t<ul class=\"elementor-icon-list-items\">\n\t\t\t\t\t\t\t<li class=\"elementor-icon-list-item\">\n\t\t\t\t\t\t\t\t\t\t\t<span class=\"elementor-icon-list-icon\">\n\t\t\t\t\t\t\t<i aria-hidden=\"true\" class=\"icon icon-chat\"><\/i>\t\t\t\t\t\t<\/span>\n\t\t\t\t\t\t\t\t\t\t<span class=\"elementor-icon-list-text\">Yasal Bilgilendirme (Impressum)<\/span>\n\t\t\t\t\t\t\t\t\t<\/li>\n\t\t\t\t\t\t<\/ul>\n\t\t\t\t\t\t<\/div>\n\t\t\t\t<\/div>\n\t\t\t\t<div class=\"elementor-element elementor-element-5db2b12 elementor-invisible elementor-widget elementor-widget-elementskit-heading\" data-id=\"5db2b12\" data-element_type=\"widget\" data-settings=\"{&quot;_animation&quot;:&quot;fadeInUp&quot;,&quot;_animation_delay&quot;:200}\" data-widget_type=\"elementskit-heading.default\">\n\t\t\t\t<div class=\"elementor-widget-container\">\n\t\t\t\t\t<div class=\"ekit-wid-con\" ><div class=\"ekit-heading elementskit-section-title-wraper text_left   ekit_heading_tablet-   ekit_heading_mobile-\"><h2 class=\"ekit-heading--title elementskit-section-title text_fill\">Alman Telemedya Kanunu (TMG) \u00a7 5\u2019e g\u00f6re bilgiler<\/h2><\/div><\/div>\t\t\t\t<\/div>\n\t\t\t\t<\/div>\n\t\t\t\t<\/div>\n\t\t\t\t\t<\/div>\n\t\t\t\t<\/div>\n\t\t<div class=\"elementor-element elementor-element-75f3ee7 e-flex e-con-boxed e-con e-parent\" data-id=\"75f3ee7\" data-element_type=\"container\">\n\t\t\t\t\t<div class=\"e-con-inner\">\n\t\t\t\t<div class=\"elementor-element elementor-element-a4be2c8 elementor-widget elementor-widget-text-editor\" data-id=\"a4be2c8\" data-element_type=\"widget\" data-widget_type=\"text-editor.default\">\n\t\t\t\t<div class=\"elementor-widget-container\">\n\t\t\t\t\t\t\t\t\t<h4><strong>Schindler GmbH<\/strong><\/h4><p class=\"translation-block\">Venloer Stra\u00dfe 74\u201382  <br>\n46487 Wesel \u2013 Almanya<\/p><p>Ticaret Sicil Numaras\u0131: HRB 11186<br \/>Kay\u0131t Mahkemesi: Duisburg Yerel Mahkemesi<\/p><h5><strong>Temsil Eden Ki\u015fi:<\/strong><\/h5><p>Aya Nofal<\/p><h4><strong>\u0130leti\u015fim<\/strong><\/h4><p>Telefon: 0 28 1 - 164 46 731<br \/>E-posta:<br \/><a href=\"mailto:info@schindler-sc.com\">info@schindler-sc.com<\/a><br \/><a href=\"mailto:info@schindlercon.com\">info@schindlercon.com<\/a><\/p><h4><strong>KDV Kimlik Numaras\u0131<\/strong><\/h4><p class=\"translation-block\">Alman Katma De\u011fer Vergisi Yasas\u0131 \u00a7 27a uyar\u0131nca KDV kimlik numaras\u0131: DE (numara belirtilmemi\u015f)<\/p><h4><strong>AB Uyu\u015fmazl\u0131k \u00c7\u00f6z\u00fcm\u00fc<\/strong><\/h4><p>Avrupa Komisyonu, \u00e7evrim i\u00e7i uyu\u015fmazl\u0131k \u00e7\u00f6z\u00fcm\u00fc (ODR) i\u00e7in bir platform sunmaktad\u0131r:<br \/><a href=\"https:\/\/ec.europa.eu\/consumers\/odr\">https:\/\/ec.europa.eu\/consumers\/odr<\/a><br \/>E-posta adresimiz yukar\u0131daki yasal bilgilendirme b\u00f6l\u00fcm\u00fcnde yer almaktad\u0131r.<br \/><br \/><\/p><h4><strong>T\u00fcketici Uyu\u015fmazl\u0131klar\u0131n\u0131n \u00c7\u00f6z\u00fcm\u00fc \/ Genel Tahkim Kurulu<\/strong><\/h4><p>Bir t\u00fcketici tahkim kurulu \u00f6n\u00fcnde uyu\u015fmazl\u0131k \u00e7\u00f6z\u00fcm prosed\u00fcr\u00fcne kat\u0131lmaya ne istekliyiz ne de y\u00fck\u00fcml\u00fcy\u00fcz.<\/p><h4><strong>\u0130\u00e7eriklerden Sorumluluk<\/strong><\/h4><p>Bir hizmet sa\u011flay\u0131c\u0131 olarak, Alman Telemedya Yasas\u0131'n\u0131n (TMG) 7 (1) maddesi ve genel yasalar uyar\u0131nca bu sayfalardaki kendi i\u00e7eri\u011fimizden sorumluyuz.<br \/>Ancak \u00a7\u00a7 8 ila 10 TMG uyar\u0131nca, bir hizmet sa\u011flay\u0131c\u0131 olarak iletilen veya saklanan \u00fc\u00e7\u00fcnc\u00fc taraf bilgilerini izlemek veya yasad\u0131\u015f\u0131 faaliyete i\u015faret eden durumlar\u0131 ara\u015ft\u0131rmakla y\u00fck\u00fcml\u00fc de\u011filiz.<\/p><p>Genel yasalar uyar\u0131nca bilgilerin kald\u0131r\u0131lmas\u0131 veya kullan\u0131m\u0131n\u0131n engellenmesi y\u00fck\u00fcml\u00fcl\u00fckleri etkilenmez. Ancak, bu konudaki sorumluluk yaln\u0131zca belirli bir yasal ihlalin \u00f6\u011frenildi\u011fi andan itibaren m\u00fcmk\u00fcnd\u00fcr. Bu t\u00fcr ihlallerin fark\u0131na vard\u0131\u011f\u0131m\u0131zda, i\u00e7eri\u011fi derhal kald\u0131raca\u011f\u0131z.<\/p><h4><strong>Ba\u011flant\u0131lardan (Linklerden) Sorumluluk<\/strong><\/h4><p>Web sitemiz, \u00fczerinde hi\u00e7bir kontrol\u00fcm\u00fcz olmayan \u00fc\u00e7\u00fcnc\u00fc taraflar\u0131n harici web sitelerine ba\u011flant\u0131lar i\u00e7ermektedir. Bu nedenle, bu harici i\u00e7erikler i\u00e7in herhangi bir sorumluluk kabul edemeyiz.<br \/>Ba\u011flant\u0131l\u0131 sayfalar\u0131n i\u00e7eriklerinden her zaman ilgili sa\u011flay\u0131c\u0131 veya operat\u00f6r sorumludur.<br \/>Ba\u011flant\u0131l\u0131 sayfalar, ba\u011flant\u0131n\u0131n olu\u015fturuldu\u011fu s\u0131rada olas\u0131 yasal ihlaller a\u00e7\u0131s\u0131ndan kontrol edildi. O s\u0131rada herhangi bir yasa d\u0131\u015f\u0131 i\u00e7erik tespit edilemedi.<\/p><p>Ba\u011flant\u0131l\u0131 sayfalar\u0131n kal\u0131c\u0131 i\u00e7erik kontrol\u00fc, somut bir ihlal kan\u0131t\u0131 olmadan makul de\u011fildir. Herhangi bir yasal ihlalden haberdar olursak, bu t\u00fcr ba\u011flant\u0131lar\u0131 derhal kald\u0131raca\u011f\u0131z.<\/p><h4><strong>Telif Hakk\u0131<\/strong><\/h4><p>\u0130nternet sitesi operat\u00f6rleri taraf\u0131ndan bu sayfalarda olu\u015fturulan i\u00e7erik ve \u00e7al\u0131\u015fmalar, Alman telif hakk\u0131 yasalar\u0131na tabidir.<br \/>Telif hakk\u0131 yasas\u0131 s\u0131n\u0131rlar\u0131 d\u0131\u015f\u0131nda \u00e7o\u011faltma, d\u00fczenleme, da\u011f\u0131t\u0131m veya herhangi bir \u015fekilde s\u00f6m\u00fcr\u00fclmesi, ilgili yazar veya yarat\u0131c\u0131dan yaz\u0131l\u0131 onay gerektirir.<br \/>ChatGPT said:\nBu siteyi indirmek ve kopyalamak yaln\u0131zca \u00f6zel, ticari olmayan kullan\u0131m i\u00e7in izinlidir.<\/p><p>Bu sitedeki i\u00e7erik, site operat\u00f6r\u00fc taraf\u0131ndan olu\u015fturulmam\u0131\u015fsa, \u00fc\u00e7\u00fcnc\u00fc taraflar\u0131n telif haklar\u0131na sayg\u0131 g\u00f6sterilmektedir. \u00d6zellikle, \u00fc\u00e7\u00fcnc\u00fc taraf i\u00e7erikleri b\u00f6yle i\u015faretlenmi\u015ftir.<br \/><br \/>Bununla birlikte, bir telif hakk\u0131 ihlali fark ederseniz, l\u00fctfen bizi bilgilendirin. \u0130hlallerden haberdar oldu\u011fumuzda, bu t\u00fcr i\u00e7erikleri derhal kald\u0131raca\u011f\u0131z.<\/p><h4><strong>Adres:<\/strong><\/h4><h5><strong>Schindler GmbH<\/strong><\/h5><p class=\"translation-block\">Venloer Stra\u00dfe 74\u201382  <br>\n46487 Wesel \u2013 Almanya<\/p><h4><strong>\u0130leti\u015fim<\/strong><\/h4><h4><strong>Telefon:<\/strong><\/h4><p>(+49) 281 164 46731<\/p><h4><strong>E-posta:<\/strong><\/h4><p><a href=\"mailto:info@schindler-sc.com\">info@schindler-sc.com<\/a><br \/><a href=\"mailto:info@schindlercon.com\">info@schindlercon.com<\/a><\/p>\t\t\t\t\t\t\t\t<\/div>\n\t\t\t\t<\/div>\n\t\t\t\t\t<\/div>\n\t\t\t\t<\/div>\n\t\t\t\t<\/div>","protected":false},"excerpt":{"rendered":"<p>Legal Notice (Impressum) Information according to \u00a7 5 of the German Telemedia Act (TMG) Schindler GmbH Venloer Stra\u00dfe 74\u201382 46487 [&hellip;]<\/p>","protected":false},"author":1,"featured_media":0,"parent":0,"menu_order":0,"comment_status":"closed","ping_status":"closed","template":"","meta":{"site-sidebar-layout":"no-sidebar","site-content-layout":"","ast-site-content-layout":"full-width-container","site-content-style":"default","site-sidebar-style":"default","ast-global-header-display":"","ast-banner-title-visibility":"","ast-main-header-display":"","ast-hfb-above-header-display":"","ast-hfb-below-header-display":"","ast-hfb-mobile-header-display":"","site-post-title":"disabled","ast-breadcrumbs-content":"","ast-featured-img":"disabled","footer-sml-layout":"","theme-transparent-header-meta":"default","adv-header-id-meta":"","stick-header-meta":"","header-above-stick-meta":"","header-main-stick-meta":"","header-below-stick-meta":"","astra-migrate-meta-layouts":"set","ast-page-background-enabled":"default","ast-page-background-meta":{"desktop":{"background-color":"var(--ast-global-color-5)","background-image":"","background-repeat":"repeat","background-position":"center center","background-size":"auto","background-attachment":"scroll","background-type":"","background-media":"","overlay-type":"","overlay-color":"","overlay-opacity":"","overlay-gradient":""},"tablet":{"background-color":"","background-image":"","background-repeat":"repeat","background-position":"center center","background-size":"auto","background-attachment":"scroll","background-type":"","background-media":"","overlay-type":"","overlay-color":"","overlay-opacity":"","overlay-gradient":""},"mobile":{"background-color":"","background-image":"","background-repeat":"repeat","background-position":"center center","background-size":"auto","background-attachment":"scroll","background-type":"","background-media":"","overlay-type":"","overlay-color":"","overlay-opacity":"","overlay-gradient":""}},"ast-content-background-meta":{"desktop":{"background-color":"var(--ast-global-color-4)","background-image":"","background-repeat":"repeat","background-position":"center center","background-size":"auto","background-attachment":"scroll","background-type":"","background-media":"","overlay-type":"","overlay-color":"","overlay-opacity":"","overlay-gradient":""},"tablet":{"background-color":"var(--ast-global-color-4)","background-image":"","background-repeat":"repeat","background-position":"center center","background-size":"auto","background-attachment":"scroll","background-type":"","background-media":"","overlay-type":"","overlay-color":"","overlay-opacity":"","overlay-gradient":""},"mobile":{"background-color":"var(--ast-global-color-4)","background-image":"","background-repeat":"repeat","background-position":"center center","background-size":"auto","background-attachment":"scroll","background-type":"","background-media":"","overlay-type":"","overlay-color":"","overlay-opacity":"","overlay-gradient":""}},"footnotes":""},"class_list":["post-1166","page","type-page","status-publish","hentry"],"_links":{"self":[{"href":"https:\/\/schindlercon.com\/tr\/wp-json\/wp\/v2\/pages\/1166","targetHints":{"allow":["GET"]}}],"collection":[{"href":"https:\/\/schindlercon.com\/tr\/wp-json\/wp\/v2\/pages"}],"about":[{"href":"https:\/\/schindlercon.com\/tr\/wp-json\/wp\/v2\/types\/page"}],"author":[{"embeddable":true,"href":"https:\/\/schindlercon.com\/tr\/wp-json\/wp\/v2\/users\/1"}],"replies":[{"embeddable":true,"href":"https:\/\/schindlercon.com\/tr\/wp-json\/wp\/v2\/comments?post=1166"}],"version-history":[{"count":15,"href":"https:\/\/schindlercon.com\/tr\/wp-json\/wp\/v2\/pages\/1166\/revisions"}],"predecessor-version":[{"id":1188,"href":"https:\/\/schindlercon.com\/tr\/wp-json\/wp\/v2\/pages\/1166\/revisions\/1188"}],"wp:attachment":[{"href":"https:\/\/schindlercon.com\/tr\/wp-json\/wp\/v2\/media?parent=1166"}],"curies":[{"name":"wp","href":"https:\/\/api.w.org\/{rel}","templated":true}]}}